{"id":883,"date":"2023-02-18T13:13:48","date_gmt":"2023-02-18T12:13:48","guid":{"rendered":"https:\/\/anarchismusforschung.org\/?page_id=883"},"modified":"2023-07-24T19:48:54","modified_gmt":"2023-07-24T17:48:54","slug":"anarchismus-global","status":"publish","type":"page","link":"https:\/\/anarchismusforschung.org\/?page_id=883","title":{"rendered":"Anarchismus global"},"content":{"rendered":"<p>Seit 2020 gibt es einen solidarischen Kontakt zur anarchistischen Gruppe <em>Feral Crust<\/em> die auf dem Archipel, das gegenw\u00e4rtig Philippinen genannt wird, aktiv ist. Es handelt sich dabei um ein \u00f6ko-anarchistisches Kollektiv aus der Metropole Davao, das einige Kilometer n\u00f6rdlich, in den W\u00e4ldern der H\u00fcgel von Marilog, auf einem Grundst\u00fcck mit einem halben Hektar, ein Land- und Community-Projekt aufbaut. Sie selbst bezeichnen es als eine \u00bbautonome Subsistenzzone\u00ab und ein \u00bbLebensexperiment\u00ab, das auf den Prinzipien der gegenseitigen Hilfe, der Zusammenarbeit und \u00d6kologie beruht.<\/p>\n<p>Bei dem Austausch geht es auch darum <em>Feral Crust<\/em> bei dem Vorhhaben zu unterst\u00fctzen. Bisher sind zwei Artikel \u00fcber <em>Feral Crust<\/em> und die anarchistische Bewegung auf dem Archipel Philippinen erschienen. Wer mehr dar\u00fcber wissen m\u00f6chte, findet unten das pdf. und den Link zu den Artikel. Wer die Gruppe unterst\u00fctzen m\u00f6chte, wendet sich bitte an uns oder unterst\u00fctzt sie direkt. Den Mailkontakt findest du unter Kontakte.<\/p>\n<p><strong>Infos und Kontakt zum \u201eFeral Crust\u201c-Kollektiv\/ Archipel Philippinen:<\/strong><br \/>\n<a href=\"https:\/\/www.facebook.com\/feralcrustinfoshop\" target=\"_blank\" rel=\"noopener\">https:\/\/www.facebook.com\/feralcrustinfoshop<\/a><br \/>\n<a href=\"https:\/\/feralcrustproject.wordpress.com\/\" target=\"_blank\" rel=\"noopener\">feralcrustproject.wordpress.com\/<\/a><br \/>\n<a href=\"https:\/\/www.radical-guide.com\/feral-crust-land-project-update\/\" target=\"_blank\" rel=\"noopener\">https:\/\/www.radical-guide.com\/feral-crust-land-project-update\/<\/a><\/p>\n<p>Der <a href=\"https:\/\/anarchismusforschung.org\/wp-content\/uploads\/2023\/02\/Anarcho-Punks-und-solidarisches-Landleben.pdf\" target=\"_blank\" rel=\"noopener\">skug Artikel<\/a> vom Nov. 2021:<br \/>\n<a href=\"https:\/\/skug.at\/anarcho-punks-von-feral-crust-auf-den-philippinen-suchen-nach-selbstorganisierten-leben\" target=\"_blank\" rel=\"noopener\">https:\/\/skug.at\/anarcho-punks-von-feral-crust-auf-den-philippinen-suchen-nach-selbstorganisierten-leben<\/a>\/<\/p>\n<p>Der <a href=\"https:\/\/anarchismusforschung.org\/wp-content\/uploads\/2023\/02\/Anarchistische_Inspirationen_vom_Archipel.pdf\" target=\"_blank\" rel=\"noopener\">Artikel f\u00fcr die Graswurzel Revolution<\/a> vom Feb. 2022:<br \/>\n<a href=\"https:\/\/www.graswurzel.net\/gwr\/2022\/02\/anarchistische-inspirationen-vom-archipel\/\" target=\"_blank\" rel=\"noopener\">https:\/\/www.graswurzel.net\/gwr\/2022\/02\/anarchistische-inspirationen-vom-archipel\/<\/a><\/p>\n<p><strong>Bericht \u00fcber die aktuelle anarchistische Bewegung in Kuba:<\/strong><\/p>\n<p><a href=\"https:\/\/anarchismusforschung.org\/wp-content\/uploads\/2023\/07\/Anarchie-in-Kuba-\u2013-Die-Referentin-\u2013-Kunst-und-kulturelle-Nahversorgung.pdf\" target=\"_blank\" rel=\"noopener\">Anarchie in Kuba<\/a>: Beitrag von Eva Sch\u00f6rkhuber und Andreas Pavlic, <a href=\"https:\/\/diereferentin.servus.at\/anarchie-in-kuba\/\" target=\"_blank\" rel=\"noopener\">die Referentin<\/a>, 2018<\/p>\n","protected":false},"excerpt":{"rendered":"<p>Seit 2020 gibt es einen solidarischen Kontakt zur anarchistischen Gruppe Feral Crust die auf dem Archipel, das gegenw\u00e4rtig Philippinen genannt wird, aktiv ist. Es handelt sich dabei um ein \u00f6ko-anarchistisches Kollektiv aus der Metropole Davao, das einige Kilometer n\u00f6rdlich, in &hellip; <a href=\"https:\/\/anarchismusforschung.org\/?page_id=883\">Weiterlesen <span class=\"meta-nav\">&rarr;<\/span><\/a><\/p>\n","protected":false},"author":2,"featured_media":0,"parent":0,"menu_order":0,"comment_status":"closed","ping_status":"closed","template":"","meta":{"footnotes":""},"class_list":["post-883","page","type-page","status-publish","hentry"],"_links":{"self":[{"href":"https:\/\/anarchismusforschung.org\/index.php?rest_route=\/wp\/v2\/pages\/883","targetHints":{"allow":["GET"]}}],"collection":[{"href":"https:\/\/anarchismusforschung.org\/index.php?rest_route=\/wp\/v2\/pages"}],"about":[{"href":"https:\/\/anarchismusforschung.org\/index.php?rest_route=\/wp\/v2\/types\/page"}],"author":[{"embeddable":true,"href":"https:\/\/anarchismusforschung.org\/index.php?rest_route=\/wp\/v2\/users\/2"}],"replies":[{"embeddable":true,"href":"https:\/\/anarchismusforschung.org\/index.php?rest_route=%2Fwp%2Fv2%2Fcomments&post=883"}],"version-history":[{"count":10,"href":"https:\/\/anarchismusforschung.org\/index.php?rest_route=\/wp\/v2\/pages\/883\/revisions"}],"predecessor-version":[{"id":948,"href":"https:\/\/anarchismusforschung.org\/index.php?rest_route=\/wp\/v2\/pages\/883\/revisions\/948"}],"wp:attachment":[{"href":"https:\/\/anarchismusforschung.org\/index.php?rest_route=%2Fwp%2Fv2%2Fmedia&parent=883"}],"curies":[{"name":"wp","href":"https:\/\/api.w.org\/{rel}","templated":true}]}}