{"id":407,"date":"2019-04-11T22:19:42","date_gmt":"2019-04-11T20:19:42","guid":{"rendered":"https:\/\/anarchismusforschung.org\/?page_id=407"},"modified":"2026-04-24T16:50:06","modified_gmt":"2026-04-24T14:50:06","slug":"portraits","status":"publish","type":"page","link":"https:\/\/anarchismusforschung.org\/?page_id=407","title":{"rendered":"Portraits"},"content":{"rendered":"\r\n<p>Hier die Artikel unserer Reihe, die keinen Untertitel hat und keine strenge oder enge (anarchistische) Ausrichtung. Wir wollen Menschen portr\u00e4tieren, die wir interessant und wichtig finden, von Revolution\u00e4r_innen, Rebell_innen, soll hier die Rede sein, von Menschen die sich quer stellten, den Mund nicht halten konnten, eine spitze Feder hatte oder einfach nur Ideen von Anarchie, Freiheit, Friede und Kommunismus propagierten\u2026<\/p>\r\n\r\n\r\n\r\n<ol class=\"wp-block-list\">\r\n<li>Portrait \u00fcber Olga Misa\u0159: <a href=\"https:\/\/anarchismusforschung.org\/wp-content\/uploads\/2019\/04\/\u201eWir-m\u00fcssen-furchtlos-gegen-den-Strom-schwimmen.\u201c-von-Brigitte-Rath.pdf\" target=\"_blank\" rel=\"noreferrer noopener\" aria-label=\"\u201eWir m\u00fcssen furchtlos gegen den Strom schwimmen.\u201c  (\u00f6ffnet in neuem Tab)\">\u201eWir m\u00fcssen furchtlos gegen den Strom schwimmen.\u201c <\/a>von Brigitte Rath. Erschienen in <a href=\"http:\/\/diereferentin.servus.at\/wir-muessen-furchtlos-gegen-den-strom-schwimmen\/\" target=\"_blank\" rel=\"noreferrer noopener\" aria-label=\"'Die Referentin' Nr. 15, M\u00e4rz, April, Mai, 2019 (\u00f6ffnet in neuem Tab)\">&#8218;Die Referentin&#8216; Nr. 15, M\u00e4rz, April, Mai, 2019<\/a><\/li>\r\n<li>Portrait \u00fcber Berta P\u00f6lz: <a href=\"https:\/\/anarchismusforschung.org\/wp-content\/uploads\/2019\/06\/Berta-P\u00f6lz-Artikel-Versorgerin-.pdf\" target=\"_blank\" rel=\"noopener noreferrer\">&#8222;Die Revolution erscheint in Frauengestalt&#8220;<\/a> von Peter Haumer. Erschienen in <a href=\"http:\/\/diereferentin.servus.at\/die-revolution-erscheint-in-frauengestalt\/\" target=\"_blank\" rel=\"noopener noreferrer\">&#8218;Die Referentin&#8216; Nr. 16, Juni, Juli, August, 2019<\/a><\/li>\r\n<li>Portrait \u00fcber Karl F. Kocmata: <a href=\"https:\/\/anarchismusforschung.org\/wp-content\/uploads\/2019\/09\/\u201eKeine-Gewalt-sondern-Erkenntnis\u201c.pdf\" target=\"_blank\" rel=\"noopener noreferrer\">&#8222;Keine Gewalt, sondern Erkenntnis&#8220;<\/a> von Andreas Gautsch. Erschienen in <a href=\"http:\/\/diereferentin.servus.at\/keine-gewalt-sondern-erkenntnis\/\" target=\"_blank\" rel=\"noopener noreferrer\">&#8218;Die Referentin&#8216; Nr. 17, September, Oktober, November 2019<\/a>\u00a0<\/li>\r\n<li>Portrait \u00fcber Agathe L\u00f6we: <a href=\"https:\/\/anarchismusforschung.org\/wp-content\/uploads\/2019\/12\/Dem-gesellschaftlichen-Verkehr-mit-K\u00fcnstlern-entr\u00fcckt.pdf\" target=\"_blank\" rel=\"noopener noreferrer\">&#8222;Dem gesellschaftlichen Verkehr mit K\u00fcnstlern entr\u00fcckt&#8220;<\/a> von Andreas Gautsch. Erschienen in <a href=\"http:\/\/diereferentin.servus.at\/dem-gesellschaftlichen-verkehr-mit-kuenstlern-entrueckt\/\" target=\"_blank\" rel=\"noopener noreferrer\">&#8218;Die Referentin&#8216;, Nr. 18, Dez. 2019, J\u00e4n., Feb. 2020<\/a><\/li>\r\n<li>Portrait \u00fcber Hugo Sonnenschein: <a href=\"https:\/\/anarchismusforschung.org\/wp-content\/uploads\/2020\/04\/\u00fcber-den-weltverkommenen-sonka.pdf\" target=\"_blank\" rel=\"noopener noreferrer\">&#8222;\u00dcber den weltverkommenen Sonka&#8220;<\/a> von Peter Haumer. Erschienen in <a href=\"http:\/\/diereferentin.servus.at\/ueber-den-weltverkommenen-sonka\/\" target=\"_blank\" rel=\"noopener noreferrer\">&#8218;Die Referentin&#8216;, Nr. 19, M\u00e4rz, April, Mai, 2020<\/a><\/li>\r\n<li>Portrait \u00fcber Vilma Ritschel: <a href=\"https:\/\/anarchismusforschung.org\/wp-content\/uploads\/2020\/06\/\u201e\u2026-nicht-den-Zusammenhang-mit-dem-Leben-verlieren\u201c-vilma-ritschel.pdf\" target=\"_blank\" rel=\"noopener noreferrer\">\u201e\u2026 nicht den Zusammenhang mit dem Leben verlieren\u201c<\/a> von Peter Haumer und Andreas Gautsch. Erschienen in <a href=\"http:\/\/diereferentin.servus.at\/nicht-den-zusammenhang-mit-dem-leben-verlieren\/\" target=\"_blank\" rel=\"noopener noreferrer\">&#8218;Die Referentin&#8216;, Nr. 20, Juni, Juli, August, 2020<\/a><\/li>\r\n<li>Portrait \u00fcber Max Nettlau: <a href=\"https:\/\/anarchismusforschung.org\/wp-content\/uploads\/2020\/09\/max-nettlau-referentin-nr.-212020.pdf\" target=\"_blank\" rel=\"noopener noreferrer\">&#8222;Die vielen Nebenfl\u00fcsse der Sozialistischen Bewegung&#8220;<\/a> von Andreas Gautsch. Erschienen in <a href=\"http:\/\/diereferentin.servus.at\/die-vielen-nebenfluesse-der-sozialistischen-bewegung\/\" target=\"_blank\" rel=\"noopener noreferrer\">&#8218;Die Referentin&#8216;, Nr. 21, Sept., Okt., Nov., 2020<\/a><\/li>\r\n<li>Portrait \u00fcber Sonja Gro\u00dfmann: <a href=\"https:\/\/anarchismusforschung.org\/wp-content\/uploads\/2020\/12\/Brigitte-Rath-Sonja-Grossmann.-Anarchistin-im-Schatten.pdf\" target=\"_blank\" rel=\"noopener\">&#8222;Sonja Gro\u00dfmann. Anarchistin im Schatten?&#8220;<\/a> von Brigitte Rath. Erschienen in <a href=\"http:\/\/diereferentin.servus.at\/sonja-grossmann-anarchistin-im-schatten\/\" target=\"_blank\" rel=\"noopener\">&#8218;Die Referentin&#8216;, Nr. 22, Dez., J\u00e4n., Feb., 2020\/21<\/a><\/li>\r\n<\/ol>\r\n<p>Die Portraitreihe hat eine Verschiebung und Ver\u00e4nderung erfahren. Im Fokus stehen nicht mehr Personen, sondern wir wollen uns nun auf B\u00fccher, Texte und Ereignisse konzentrieren. Den Beginn macht der biographische Roman &#8218;Louise Michel&#8216; von Eva Geber.<\/p>\r\n<ol>\r\n<li>Portrait \u00fcber das Buch &#8218;Louis Michel. Die Anarchistin und die Menschenfresser&#8216; von Eva Geber: <a href=\"https:\/\/anarchismusforschung.org\/wp-content\/uploads\/2021\/03\/Die-Commune-wird-ihre-Aufgaben-erfuellen.-Andreas-Gautsch.pdf\" target=\"_blank\" rel=\"noopener\">&#8218;Die Commune wird ihre Aufgaben erf\u00fcllen.&#8216;<\/a> von Andreas Gautsch. Erschienen in <a href=\"http:\/\/diereferentin.servus.at\/die-commune-wird-ihre-aufgaben-erfuellen\/\" target=\"_blank\" rel=\"noopener\">&#8218;Die Referentin&#8216;, Nr.23, 2021<\/a><\/li>\r\n<li>\u00a0Portrait \u00fcber Bini Adamczaks Buch <i>Der sch\u00f6nste Tag im Leben des Alexander Berkman<\/i> und Alexander Berkmans Brosch\u00fcre <em><em>Die Kronststadt Rebellion: <\/em><\/em><a href=\"https:\/\/anarchismusforschung.org\/wp-content\/uploads\/2021\/06\/Eva-Schoerkhuber-Eine-soldiarische-Union-der-Raete.pdf\" target=\"_blank\" rel=\"noopener\">Eine solidarische Union der R\u00e4te<\/a> von Eva Sch\u00f6rkhuber. Erschienen in <a href=\"http:\/\/diereferentin.servus.at\/eine-solidarische-union-der-raete\/\" target=\"_blank\" rel=\"noopener\">&#8218;Die Referentin&#8216;, Nr. 24, 2021<\/a><\/li>\r\n<li>Portrait \u00fcber Leo Rothziegel und seine Artikelserie zur sozialen Revolution von 1918: <a href=\"https:\/\/anarchismusforschung.org\/wp-content\/uploads\/2021\/10\/Leo-Rothziegel-und-die-Revolution-von-Peter-Haumer.pdf\" target=\"_blank\" rel=\"noopener\">Leo Rothziegel und die Revolution<\/a> von Peter Haumer. Erschienen in <a href=\"http:\/\/diereferentin.servus.at\/leo-rothziegel-und-die-revolution\/\" target=\"_blank\" rel=\"noopener\">&#8218;Die Referentin&#8216;, Nr. 25, Sept. Okt. Nov. 2021<\/a><\/li>\r\n<li>Portrait \u00fcber die Zapatistas und ihrer &#8218;Reise des Lebens&#8216;: <a href=\"https:\/\/anarchismusforschung.org\/wp-content\/uploads\/2022\/01\/Gira-Zapatista.pdf\" target=\"_blank\" rel=\"noopener\">Gira Zapatista<\/a> von uva obstinada. Erschienen in <a href=\"http:\/\/diereferentin.servus.at\/gira-zapatista\/\" target=\"_blank\" rel=\"noopener\">&#8218;Die Referentin&#8216;, Nr. 26, Dez. J\u00e4n. Feb. 2021\/22<\/a><\/li>\r\n<\/ol>\r\n<p>Eine erneute Themen\u00e4nderung f\u00fchrt uns nun zu anarchistische Gesellschaftskonzepte, Theorien und Str\u00f6mungen&#8230;<\/p>\r\n<ol>\r\n<li>Portrait \u00fcber die Pariser Kommune von Eva Sch\u00f6rkhuber: <a href=\"https:\/\/anarchismusforschung.org\/wp-content\/uploads\/2022\/04\/Die-Kommune-ist-nicht-tot-Eva-Schoerkhuber.pdf\" target=\"_blank\" rel=\"noopener\">Die Kommune ist nicht tot!<\/a>\u00a0 Erschienen in <a href=\"https:\/\/diereferentin.servus.at\/die-kommune-ist-nicht-tot\/\" target=\"_blank\" rel=\"noopener\">&#8218;Die Referentin&#8216;, Nr. 27, M\u00e4rz. April. Mai. 2022<\/a><\/li>\r\n<li>Portrait \u00fcber liber\u00e4tren Kommunalismus von Peter Haumer und Andreas Gautsch: <a href=\"https:\/\/anarchismusforschung.org\/wp-content\/uploads\/2022\/10\/Die-Welt-neu-denken.Haumer.Gautsch.pdf\" target=\"_blank\" rel=\"noopener\">Die Welt neu denken.<\/a>\u00a0 Erschienen in<a href=\"https:\/\/diereferentin.servus.at\/die-welt-neu-denken\/\" target=\"_blank\" rel=\"noopener\"> &#8218;Die Referentin&#8216; Nr. 28, Juni. Juli. Aug.\u00a0 2022<\/a><\/li>\r\n<li>Portrait \u00fcber Syndikalismus von Hans Huber: <a href=\"https:\/\/anarchismusforschung.org\/wp-content\/uploads\/2022\/10\/Anarchosyndikalismus_DieReferentin.pdf\" target=\"_blank\" rel=\"noopener\">Der Syndikalismus<\/a>. Erschienen in <a href=\"https:\/\/diereferentin.servus.at\/der-anarchosyndikalismus\/\" target=\"_blank\" rel=\"noopener\">&#8218;Die Referentin&#8216;, Nr. 29, Sept. Okt. Nov. 2022<\/a><\/li>\r\n<li>Portrait \u00fcber kommunistischen Anarchismus von Andreas Gautsch: <a href=\"https:\/\/anarchismusforschung.org\/wp-content\/uploads\/2023\/02\/Gautsch_Eine_Idee_reist_durch_Zeit_und_Raum.pdf\" target=\"_blank\" rel=\"noopener\">Eine Idee reist durch Zeit und Raum.<\/a> Erschienen in <a href=\"https:\/\/diereferentin.servus.at\/eine-idee-reist-durch-zeit-und-raum\/\" target=\"_blank\" rel=\"noopener\">&#8218;Die Referentin&#8216; Nr.30: Dez. J\u00e4n. Feb. 20222\/23<\/a><\/li>\r\n<li>\u00dcberlegungen von Hanna Mittelst\u00e4dt an und \u00fcber die Grenzen des Anarchismus:\u00a0 <a href=\"https:\/\/anarchismusforschung.org\/wp-content\/uploads\/2023\/04\/Alles-wird-immer-wieder_Hanna_Mittelstaedt.pdf\" target=\"_blank\" rel=\"noopener\">Alles wird immer wieder anfangen<\/a> Erschienen in <a href=\"https:\/\/diereferentin.servus.at\/alles-immer-wieder-anfangen\/\" target=\"_blank\" rel=\"noopener\">&#8218;Die Referentin&#8216; Nr.31: M\u00e4rz, April, Mai 2023<\/a><\/li>\r\n<li>\u00dcberlegung zu Freie Software von Bcs: <a href=\"https:\/\/anarchismusforschung.org\/wp-content\/uploads\/2023\/06\/Freie-Software-und-das-kapitalistische-Begehren.pdf\" target=\"_blank\" rel=\"noopener\">Freie Software und das kapitalistische Begehren<\/a>. Erschienen in <a href=\"https:\/\/diereferentin.servus.at\/freie-software-und-das-kapitalistische-begehren\/\" target=\"_blank\" rel=\"noopener\">&#8218;Die Referentin&#8216;, Nr.32: Juni, Juli, Aug. 2023<\/a><\/li>\r\n<li>\u00dcberlegungen zum Verh\u00e4ltnis von Feminismus und Anarchismus von Antje Schrupp: <a href=\"https:\/\/anarchismusforschung.org\/wp-content\/uploads\/2023\/10\/ueberschneidung-und-konflikte_-antje-schrupp.pdf\" target=\"_blank\" rel=\"noopener\">\u00dcberschneidung und Konflikte<\/a>. Erschienen in <a href=\"https:\/\/diereferentin.servus.at\/ueberschneidungen-und-konflikte\/\" target=\"_blank\" rel=\"noopener\">&#8218;Die Referentin&#8216;, Nr. 33, Sept. Okt. Nov. 2023<\/a><\/li>\r\n<li>Erkenntnisse aus der anarchistischen Anthropologie von Andreas Gautsch: <a href=\"https:\/\/anarchismusforschung.org\/wp-content\/uploads\/2024\/02\/vor-zehn-tausend-jahren-_-gautsch_referentin.pdf\" target=\"_blank\" rel=\"noopener\">&#8222;Vor zehntausend Jahren war jeder Mensch ein Anarchist&#8220;<\/a>. Erschienen in &#8218;<a href=\"https:\/\/diereferentin.servus.at\/vor-zehntausend-jahren-war-jeder-mensch-ein-anarchist\/\" target=\"_blank\" rel=\"noopener\">Die Referentin&#8216;; Nr. 34, Dez. J\u00e4n. Feb. 2023\/24<\/a><\/li>\r\n<li>\u00dcberlegungen zum Postanarchismus von Gabriel Kuhn: <a href=\"https:\/\/anarchismusforschung.org\/wp-content\/uploads\/2024\/05\/Kuhn_Was-ist-Postanarchismus.pdf\" target=\"_blank\" rel=\"noopener\">&#8222;Was ist Postanarchismus&#8220;<\/a>. Erschienen in &#8218;<a href=\"https:\/\/diereferentin.servus.at\/was-ist-postanarchismus\/\" target=\"_blank\" rel=\"noopener\">Die Referentin&#8216;; Nr. 35. M\u00e4rz &#8211; Mai 2024<\/a><\/li>\r\n<li>\u00dcber Veganismus und Anarchie von Neo C.: <a href=\"https:\/\/anarchismusforschung.org\/wp-content\/uploads\/2024\/11\/Vegananarchismus_Neo-C.pdf\" target=\"_blank\" rel=\"noopener\">&#8222;Vegananarchismus&#8220;<\/a>. Erschienen in <a href=\"https:\/\/diereferentin.servus.at\/veganarchismus\/\" target=\"_blank\" rel=\"noopener\">&#8218;Die Referentin&#8216;; Nr.36. Juni &#8211; August 2024<\/a><\/li>\r\n<li>\u00dcber Schriftstellerin und Aktivistin <span class=\"mw-page-title-main\">P\u0131nar Selek<\/span> von Eva Sch\u00f6rkhuber: <a href=\"https:\/\/anarchismusforschung.org\/wp-content\/uploads\/2024\/10\/Freiheit-muss-geschaffen-werden.pdf\" target=\"_blank\" rel=\"noopener\">&#8222;Freiheit muss geschaffen werden&#8220;<\/a>. Erschienen in <a href=\"https:\/\/diereferentin.servus.at\/freiheit-muss-geschaffen-werden\/\" target=\"_blank\" rel=\"noopener\">&#8222;Die Referentin&#8220;: Nr. 37, September &#8211; November 2024<\/a><\/li>\r\n<li>In diesem Beitrag von Andreas Gautsch geht es um Verbindungslinien zwischen Mystik und Anarchismus: <a href=\"https:\/\/anarchismusforschung.org\/wp-content\/uploads\/2025\/05\/Mystik-und-Freiheit-Gautsch.pdf\" target=\"_blank\" rel=\"noopener\">&#8222;Mystik und Freiheit&#8220;<\/a> in <a href=\"https:\/\/diereferentin.servus.at\/mystik-und-freiheit\" target=\"_blank\" rel=\"noopener\">&#8222;Die Referentin&#8220;: Nr. 38, Dezember 2024 bis Februar 2025<\/a><\/li>\r\n<li>\u00dcber die Geschichte und Grundlagen des gewaltfreien Anarchismus von Lou Marin: <a href=\"https:\/\/anarchismusforschung.org\/wp-content\/uploads\/2025\/05\/Gewaltfreier-Anarchismus_Lou-Marin.pdf\" target=\"_blank\" rel=\"noopener\">&#8222;Gewaltfreier Anarchismus&#8220;<\/a>. Erschienen in <a href=\"https:\/\/diereferentin.servus.at\/gewaltfreier-anarchismus\" target=\"_blank\" rel=\"noopener\">&#8222;Die Referentin&#8220;: Nr.39, M\u00e4rz &#8211; Mai 2025<\/a><\/li>\r\n<li>Vera Bianchi schreibt in ihrem Beitrag \u00fcber die Gruppe Mujeres Libres die in der Spanischen Revolution 1936 aktiv war: <a href=\"https:\/\/anarchismusforschung.org\/wp-content\/uploads\/2025\/08\/Vera-Bianchi_Praktischer-Anarchismus.pdf\" target=\"_blank\" rel=\"noopener\">&#8222;Praktischer Anarchismus&#8220;<\/a>Praktischer Anarchismus&#8220;. Erschienen in <a href=\"https:\/\/diereferentin.servus.at\/praktischer-anarchismus\" target=\"_blank\" rel=\"noopener\">&#8222;Die Referentin&#8220;: Nr.40, Juni &#8211; August 2025<\/a><a href=\"https:\/\/anarchismusforschung.org\/wp-content\/uploads\/2026\/04\/Gautsch_Sich-mit-der-Realitaet-auseinandersetzen_Referentin.pdf\">Gautsch_Sich mit der Realit\u00e4t auseinandersetzen_Referentin<\/a><\/li>\r\n<li>Eva Sch\u00f6rkhubers Beitrag <a href=\"https:\/\/anarchismusforschung.org\/wp-content\/uploads\/2025\/10\/Entscheidend-ist-die-Geschichte_Schoerkhuber.pdf\" target=\"_blank\" rel=\"noopener\">Entscheidend ist die Geschichte<\/a> \u00fcber Ursula K. Le Guins Roman <em>Freie Geister <\/em>und der (Un)M\u00f6glichkeit einer anarchistischen Utopie erschienen in <a href=\"https:\/\/diereferentin.servus.at\/entscheidend-ist-die-geschichte\" target=\"_blank\" rel=\"noopener\">&#8222;Die Referentin&#8220;: Nr.41,Sept. &#8211; Nov. 2025<\/a><\/li>\r\n<li>Andreas Gautsch schreibt \u00fcber Murray Bookchin und die soziale \u00d6kologie: <a href=\"https:\/\/anarchismusforschung.org\/wp-content\/uploads\/2026\/04\/Gautsch_Sich-mit-der-Realitaet-auseinandersetzen_Referentin.pdf\">&#8222;Sich mit der Realit\u00e4t auseinandersetzen&#8220;<\/a>, erschienen in <a href=\"https:\/\/diereferentin.servus.at\/sich-mit-der-realitat-auseinandersetzen\" target=\"_blank\" rel=\"noopener\">&#8222;DieReferentin&#8220;: Nr. 42, Dez.-Feb.2026<\/a><\/li>\r\n<li>Brigitte Rath \u00fcber Olga Misa\u0159 und den Bund der Kriegsdienstgegner: <a href=\"https:\/\/anarchismusforschung.org\/wp-content\/uploads\/2026\/04\/Rath_Aktueller-denn-je-Bund-der-Kriegsdienstgegner.pdf\" target=\"_blank\" rel=\"noopener\">&#8222;Aktueller denn je: Bund der Kriegsdienstgegner&#8220;<\/a>,\u00a0 in: <a href=\"https:\/\/diereferentin.servus.at\/aktueller-denn-je-der-bund-der-kriegsdienstgegner\" target=\"_blank\" rel=\"noopener\">&#8222;Die Referentin&#8220;: Nr.43, M\u00e4rz &#8211; Mai 2026<\/a><\/li>\r\n<li style=\"list-style-type: none;\">\r\n<ol>\r\n<li style=\"list-style-type: none;\">\u00a0<\/li>\r\n<\/ol>\r\n<\/li>\r\n<\/ol>\r\n<p>&nbsp;<\/p>\r\n<p>&nbsp;<\/p>\r\n<p>&nbsp;<\/p>\r\n<p>&nbsp;<\/p>\r\n<p>\r\n\r\n<\/p>","protected":false},"excerpt":{"rendered":"<p>Hier die Artikel unserer Reihe, die keinen Untertitel hat und keine strenge oder enge (anarchistische) Ausrichtung. Wir wollen Menschen portr\u00e4tieren, die wir interessant und wichtig finden, von Revolution\u00e4r_innen, Rebell_innen, soll hier die Rede sein, von Menschen die sich quer stellten, &hellip; <a href=\"https:\/\/anarchismusforschung.org\/?page_id=407\">Weiterlesen <span class=\"meta-nav\">&rarr;<\/span><\/a><\/p>\n","protected":false},"author":2,"featured_media":0,"parent":0,"menu_order":0,"comment_status":"closed","ping_status":"closed","template":"","meta":{"footnotes":""},"class_list":["post-407","page","type-page","status-publish","hentry"],"_links":{"self":[{"href":"https:\/\/anarchismusforschung.org\/index.php?rest_route=\/wp\/v2\/pages\/407","targetHints":{"allow":["GET"]}}],"collection":[{"href":"https:\/\/anarchismusforschung.org\/index.php?rest_route=\/wp\/v2\/pages"}],"about":[{"href":"https:\/\/anarchismusforschung.org\/index.php?rest_route=\/wp\/v2\/types\/page"}],"author":[{"embeddable":true,"href":"https:\/\/anarchismusforschung.org\/index.php?rest_route=\/wp\/v2\/users\/2"}],"replies":[{"embeddable":true,"href":"https:\/\/anarchismusforschung.org\/index.php?rest_route=%2Fwp%2Fv2%2Fcomments&post=407"}],"version-history":[{"count":61,"href":"https:\/\/anarchismusforschung.org\/index.php?rest_route=\/wp\/v2\/pages\/407\/revisions"}],"predecessor-version":[{"id":1112,"href":"https:\/\/anarchismusforschung.org\/index.php?rest_route=\/wp\/v2\/pages\/407\/revisions\/1112"}],"wp:attachment":[{"href":"https:\/\/anarchismusforschung.org\/index.php?rest_route=%2Fwp%2Fv2%2Fmedia&parent=407"}],"curies":[{"name":"wp","href":"https:\/\/api.w.org\/{rel}","templated":true}]}}