{"id":38,"date":"2017-02-18T18:15:34","date_gmt":"2017-02-18T17:15:34","guid":{"rendered":"https:\/\/anarchismusforschung.org\/?page_id=38"},"modified":"2024-11-16T22:16:53","modified_gmt":"2024-11-16T21:16:53","slug":"veranstatlungen","status":"publish","type":"page","link":"https:\/\/anarchismusforschung.org\/?page_id=38","title":{"rendered":"Veranstaltungen"},"content":{"rendered":"<p><strong>aktuell:\u00a0<\/strong><\/p>\n<p>05.12.2024, 20 Uhr, Politbeisl: Veranstaltung zu R\u00e4tekommunismus, im EKH, Wielandgasse 2-4, 1100 Wien<\/p>\n<p><strong>vergangene:<\/strong><\/p>\n<p>20.6.2024, 20 Uhr, Politbeisl: Vortrag zu P\u0131nar Selek!, EKH, Wielandgasse 2-4, 1100 Wien<\/p>\n<p>15.9.23, 18 Uhr, Contra! \u00dcber die Anarchistische Gruppe und Zeitschrift von 1930\/31<br \/>\nAnarchistische Buchmesse Wien, EKH, Wielandgasse 2-4, 1100 Wien<\/p>\n<p>30.3.23 um 19 Uhr Anarchistischer Salon im Souterrain<br \/>\nPeter Haumer pr\u00e4sentiert seine neuen Forschungsergebnisse aus der Geschichte des Anarchismus. Die anarcho-syndikalistischen Gastronomiearbeiter:innen<br \/>\nWo: A307, Arnezhoferstra\u00dfe 1, 1020 Wien<\/p>\n<p>14.08.21 14-16 Uhr<br \/>\nkongress A, M\u00fcnster<\/p>\n<p>Spuren der Anarchie<br \/>\nAnarchismus &amp; Anarchosyndikalismus in \u00d6sterreich am Beispiel der Schuhmachergewerkschaft und ihrer K\u00e4mpfe vor dem 1. Weltkrieg und der Siedlungsversuche des &#8218;Bund herrschaftsloser Sozialisten&#8216; in Wien in der Zwischenkriegszeit.<br \/>\nPeter Haumer und Andreas Gautsch<br \/>\nInstitut f\u00fcr Anarchismusforschung, Wien &#8211; anarchismusforschung.org<\/p>\n<p>15.08.21 14-16 Uhr<br \/>\nkongress A, M\u00fcnster<\/p>\n<p>Auf der Landstra\u00dfe zur Revolution?<br \/>\nIn der Vagabundenbewegung sahen Anarchist*innen und Anarchosyndikalist*innen vor und nach dem 1. Weltkrieg ein revolution\u00e4res Potential. Von Erich M\u00fchsams Organisierungsversuchen des 5. Stands, \u00fcber den Vagabundenkongress in Stuttgart, bis zu den Auseinandersetzungen innerhalb der &#8218;Bruderschaft der Vagabunden&#8216; nach der Hinwendung des \u201eK\u00f6nigs der Vagabunden\u201c Gregor Gog zum Stalinismus.<br \/>\nPeter Haumer und Andreas Gautsch<br \/>\nInstitut f\u00fcr Anarchismusforschung, Wien &#8211; anarchismusforschung.org<\/p>\n<p>&#8230;..<\/p>\n<p>Sa. 19.9.2020, Beginn 19 Uhr: Emma Goldman \u2013 Lesung und Vorstellung eines widerst\u00e4ndigen Lebens durch Hanna Mittelst\u00e4dt<br \/>\nWo: im Spitzer, 1020 Wien, Taborstra\u00dfe 10, Innenhof links<br \/>\nin Kooperation mit PS \u2013 Politisch Schreiben\/Anmerkungen zum Literaturbetrieb<br \/>\n<a href=\"https:\/\/www.politischschreiben.net\/ps-wien-lesereihe-im-september\/\" target=\"_blank\" rel=\"noopener noreferrer\">https:\/\/www.politischschreiben.net\/ps-wien-lesereihe-im-september\/<\/a><\/p>\n<p><strong>31.10.2018 ab 19 Uhr<\/strong>: Wagenpaltz Treibstoff. &#8222;Der Anarchosyndikalismus und der Buchdruckerstreik 1913\/14 in \u00d6sterreich&#8220;<\/p>\n<p><strong>26. und 27.10. 2018: <\/strong>im Depot, Breite Gasse 3, 1070 Wien<br \/>\nTagung: Von der sozialer Notwehr zur konkreten Utopie<\/p>\n<p>&#8230;.<\/p>\n<p><strong>1,2 und 3 Juni<\/strong> 2018- B\u00fccherstand und Buchpr\u00e4sentation bei der <strong>Anarchistischen Buchmesse<\/strong> am Keplerplatz (n\u00e4he U1 Station)<\/p>\n<p>das genaue Programm findet ihr <a href=\"https:\/\/abuchmesse.noblogs.org\/programm\/\" target=\"_blank\" rel=\"noopener noreferrer\">hier<\/a>.<\/p>\n<p>&#8230;<\/p>\n<p><strong>7. Juni<\/strong>\u00a0 Vortrag und Diskussion mit Peter Haumer und Andreas Gautsch, Geschichten \u00fcber den Anarchismus in \u00d6sterreich (von 1907 bis 1937), wo? in der <strong>bike kitchen<\/strong>, Fahrrad Selbsthilfe Werkstatt in 1150 Wien, hier der <a href=\"http:\/\/www.bikekitchen.net\/index.php\/Home\" target=\"_blank\" rel=\"noopener noreferrer\">Link<\/a>.<\/p>\n<p>&#8230;<\/p>\n<p>seit Sonntag, 30. April 2017 gibt es in der Literaturpassege eine neue Wandzeitung und ein von uns gestalteter Schaukasten.<br \/>\nDie Wandzeitung \u2018the hunger strike\u2018 wurde von Nicole Szolga und Eva Sch\u00f6rkhuber gestaltet und thematisiert die (historischen) Aufst\u00e4nde und Hungerrevolten in Wien.<br \/>\nIm Schaukasten stellt sich das Institut f\u00fcr Anarchismusforschung vor und pr\u00e4sentiert seine bisherigen und zuk\u00fcnftigen Publikationen.<\/p>\n<p align=\"justify\">Wo: <span style=\"color: #000000;\"><span style=\"font-size: medium;\">LITERATURpassage im Wiener MuseumsQuartier<br \/>\n<\/span><\/span><span style=\"font-size: medium;\">Eingang in<\/span><span style=\"font-size: medium;\">s<\/span><span style=\"font-size: medium;\"> MQ Mariahilferstra\u00dfe <\/span><span style=\"font-size: medium;\">\/ im ersten und zweiten Durchgang (beim <\/span><span style=\"font-size: medium;\">Dschungel <\/span><span style=\"font-size: medium;\">Cafe<\/span><span style=\"font-size: medium;\">)<\/span><\/p>\n<p>&#8230;<\/p>\n<p>2. Juni von 16.00 &#8211; 17.30 Uhr, Vortrag und Diskussion @ Anarchistische Buchmesse, Yppenplatz, (im Cafe Fania oder dort in der Gegend), 1160 Wien<\/p>\n<p>Kleine Geschichte des Anarchismus in \u00d6sterreich der ersten H\u00e4lfte des 20. Jhdt.von Peter Haumer und Andreas Gautsch (Institut f\u00fcr Anarchismusforschung)<\/p>\n<p><a href=\"https:\/\/abuchmesse.noblogs.org\/\" target=\"_blank\" rel=\"noopener noreferrer\">Link zur anarchistische Buchmesse<\/a><\/p>\n<p>19.04. 2017 Anarchismus und Revolution in \u00d6sterreich.<\/p>\n<p>Episoden aus der Geschichte des Anarchismus in \u00d6sterreich und szenische Lesung aus dem aktuellen Roman von Robert Foltin \u00fcber die \u00f6sterreichische Revolution am Ende des Ersten Weltkrieges: \u201eDie Rote Garde in Wien\u201c<\/p>\n<p>Wo: <a href=\"https:\/\/habitat.servus.at\/willy-fred\/initativen\/infobeisl\/\" target=\"_blank\" rel=\"noopener noreferrer\">Infobeisl, Willy*Fred, EG in Linz ab 19 Uhr<\/a><\/p>\n<p>Robert Foltin: Die Rote Garde in Wien. edition grundrisse. 978-3-9501925<br \/>\n<a href=\"http:\/\/robertfoltin.net\/?Belletristik\" target=\"_blank\" rel=\"noopener noreferrer\">http:\/\/robertfoltin.net\/?Belletristik<\/a><\/p>\n<p>3.04.2017 &#8211; Buch- und Brosch\u00fcrenpr\u00e4sentation, \u00fcber Leo Rothziegel und Julius Dickmann von und mit Peter Haumer<br \/>\n<a href=\"http:\/\/www.mandelbaum.at\/books\/806\/7602\" target=\"_blank\" rel=\"noopener noreferrer\">Julius Dickmann \u00bb&#8230; da\u00df die Masse sich selbst begreifen lernt\u00ab Politische Biografie und ausgew\u00e4hlte Schriften<\/a> Das Buch ist im Mandelbaum Verlag erschienen.<br \/>\nwo: <a href=\"https:\/\/perinetkeller.at\/\" target=\"_blank\" rel=\"noopener noreferrer\">Perinetkeller<\/a> Perinetgasse 1, 1200 Wien<\/p>\n<p>28.02.2017 &#8211; Brosch\u00fcrenpr\u00e4sentation, Ein Edelanarchist aus Eden. \u00dcber den Anarchisten und Antimilitaristen Alfred Saueracker\/Alfred Parker von Andreas Gautsch<\/p>\n<p><a href=\"http:\/\/decentral-ibk.com\/\" target=\"_blank\" rel=\"noopener noreferrer\">Cafe DeCentral, Hallerstra\u00dfe 1, 6020 Innsbruck <\/a><\/p>\n<p>12.01.2017 &#8211; Buchpr\u00e4sentation, Der Buchdrucker_innenstreik 1913\/1914 von Peter Haumer<\/p>\n<p><a href=\"http:\/\/radicalbookstore.com\/\" target=\"_blank\" rel=\"noopener noreferrer\">Librer\u00eda Utop\u00eda &#8211; radical bookstore vienna, Preysinggasse 26-28, 1150 Wien<\/a><\/p>\n<p>14.10.2016 &#8211; Buchpr\u00e4sentation, \u201eWer pessimistisch in die Zukunft blickt, offenbart seinen schwachen Willen\u201c. Anarchistischer Kampf w\u00e4hrend des Austrofaschismus. Graz 1937.<br \/>\nvon Reinhard M\u00fcller<\/p>\n<p>Anarchistische Bibliothek, Lerchenfeldergasse 124-126, 1080 Wien<\/p>\n<p>22.05.2016 &#8211; Brosch\u00fcrenpr\u00e4sentationen, Ein Edelanarchist aus Eden. \u00dcber den Anarchisten und Antimilitaristen Alfred Saueracker\/Alfred Parker &amp; &#8222;Bitte schicken Sie uns einige Maschinengewehre und Zigaretten.&#8220; Leo Rothziegel (5.12.1892\u201322.4.1919), J\u00fcdischer Proletarier und Revolution\u00e4r von Andreas Gautsch und Peter Haumer<\/p>\n<p><a href=\"https:\/\/schwarzesradieschen.noblogs.org\/\" target=\"_blank\" rel=\"noopener noreferrer\">Schwarzes Radieschen, Steinfeldgasse 2, 8020 Graz <\/a><\/p>\n<p>24.04.2016 &#8211; Brosch\u00fcrenpr\u00e4sentation: Leo Rothziegel und Alfred Saueracker\/ Parker von Andreas Gautsch und Peter Haumer,<\/p>\n<p>Anarchistsiche Buchmesse, Akademie der Bildenden K\u00fcnste, Schillerplatz 3, 1010 Wien<\/p>\n","protected":false},"excerpt":{"rendered":"<p>aktuell:\u00a0 05.12.2024, 20 Uhr, Politbeisl: Veranstaltung zu R\u00e4tekommunismus, im EKH, Wielandgasse 2-4, 1100 Wien vergangene: 20.6.2024, 20 Uhr, Politbeisl: Vortrag zu P\u0131nar Selek!, EKH, Wielandgasse 2-4, 1100 Wien 15.9.23, 18 Uhr, Contra! \u00dcber die Anarchistische Gruppe und Zeitschrift von 1930\/31 &hellip; <a href=\"https:\/\/anarchismusforschung.org\/?page_id=38\">Weiterlesen <span class=\"meta-nav\">&rarr;<\/span><\/a><\/p>\n","protected":false},"author":2,"featured_media":0,"parent":0,"menu_order":0,"comment_status":"closed","ping_status":"closed","template":"","meta":{"footnotes":""},"class_list":["post-38","page","type-page","status-publish","hentry"],"_links":{"self":[{"href":"https:\/\/anarchismusforschung.org\/index.php?rest_route=\/wp\/v2\/pages\/38","targetHints":{"allow":["GET"]}}],"collection":[{"href":"https:\/\/anarchismusforschung.org\/index.php?rest_route=\/wp\/v2\/pages"}],"about":[{"href":"https:\/\/anarchismusforschung.org\/index.php?rest_route=\/wp\/v2\/types\/page"}],"author":[{"embeddable":true,"href":"https:\/\/anarchismusforschung.org\/index.php?rest_route=\/wp\/v2\/users\/2"}],"replies":[{"embeddable":true,"href":"https:\/\/anarchismusforschung.org\/index.php?rest_route=%2Fwp%2Fv2%2Fcomments&post=38"}],"version-history":[{"count":40,"href":"https:\/\/anarchismusforschung.org\/index.php?rest_route=\/wp\/v2\/pages\/38\/revisions"}],"predecessor-version":[{"id":1032,"href":"https:\/\/anarchismusforschung.org\/index.php?rest_route=\/wp\/v2\/pages\/38\/revisions\/1032"}],"wp:attachment":[{"href":"https:\/\/anarchismusforschung.org\/index.php?rest_route=%2Fwp%2Fv2%2Fmedia&parent=38"}],"curies":[{"name":"wp","href":"https:\/\/api.w.org\/{rel}","templated":true}]}}