{"id":36,"date":"2017-02-18T18:15:32","date_gmt":"2017-02-18T17:15:32","guid":{"rendered":"https:\/\/anarchismusforschung.org\/?page_id=36"},"modified":"2022-08-30T22:02:20","modified_gmt":"2022-08-30T20:02:20","slug":"rezensionen","status":"publish","type":"page","link":"https:\/\/anarchismusforschung.org\/?page_id=36","title":{"rendered":"Rezensionen"},"content":{"rendered":"<p>James Horrox: Gelebte Revolution. Anarchismus in der Kibbuzbewegung.<br \/>\nVerlag Graswurzelrevolution 2021<br \/>\n<a href=\"https:\/\/anarchismusforschung.org\/wp-content\/uploads\/2022\/08\/gelebte-revolution-buchbesprechung-peter-haumer.pdf\" target=\"_blank\" rel=\"noopener\">Rezension<\/a> von Peter\u00a0 Haumer<br \/>\nLink zum Verlag: <a href=\"https:\/\/www.graswurzel.net\/gwr\/produkt\/gelebte-revolution\/\" target=\"_blank\" rel=\"noopener\">Graswurzelrevolution<\/a><\/p>\n<p>Jule Bombon: Die M\u00f6glichkeit und der Automat. Ein Roman \u00fcber Konjunktivismus und den Mechano Sapiens. wirklich, 2020<br \/>\nJule Bombon: Der M\u00f6glichkeit und die Automatin. Zweiter Versuch \u00fcber Konjunktivismus und dem Mechano Sapiens. wirklich, 2021<br \/>\n<a href=\"https:\/\/anarchismusforschung.org\/wp-content\/uploads\/2022\/08\/malmoe_rezensionen_wirklich_2x.pdf\" target=\"_blank\" rel=\"noopener\">Rezensionen<\/a> von Andreas Gautsch (Malmoe M\u00e4rz 2022\/Dezember 2021)<br \/>\nLink zum Verlag: <a href=\"https:\/\/wirklich.space\/buecher\/\" target=\"_blank\" rel=\"noopener\">wirklich<\/a><\/p>\n<p>Anadole Dolgoff: Links der Linken. Sam Dolgoff und die radikale US-Arbeiterbewegung.\u00a0Verlag Graswurzelrevoluiton, 202o<br \/>\n<a href=\"https:\/\/anarchismusforschung.org\/wp-content\/uploads\/2021\/10\/Buchbesprechung-Play-it-again-Sam-von-peter-haumer.pdf\" target=\"_blank\" rel=\"noopener\">Rezension<\/a> von Peter Haumer (Express Nr.9\/2021)<br \/>\nLink zum Buch: <a href=\"https:\/\/www.graswurzel.net\/gwr\/produkt\/links-der-linken\/\" target=\"_blank\" rel=\"noopener\">Graswurzelrevolution<\/a><\/p>\n<p>Gabriel Kuhn: Anarchismus und Revolution. Gespr\u00e4che und Aufs\u00e4tze. Unrast Verlag, 2017.<br \/>\n<a href=\"https:\/\/anarchismusforschung.org\/wp-content\/uploads\/2018\/02\/REZ_Kalicha_Kuhn_Ne_znam.pdf\">Rezension<\/a> von Sebastian Kalicha (Aus: <em>Ne znam<\/em>, Herbst 2017).<br \/>\nLink zum Buch: <a href=\"https:\/\/unrast-verlag.de\/neuerscheinungen\/anarchismus-und-revolution-detail\" target=\"_blank\" rel=\"noopener noreferrer\">Unrast Verlag<\/a><\/p>\n<p>Philipee Kellermann (Hg.): Anarchistische Bolschewismuskritik. Der deutschsprachige Raum 1918-1933, Edition AV, 2017<br \/>\n<a href=\"https:\/\/anarchismusforschung.org\/wp-content\/uploads\/2017\/02\/Kellermann-Anarchistische-Bolschewismuskritik.pdf\" target=\"_blank\" rel=\"noopener noreferrer\">Rezension<\/a> von Sebastian Kalicha, 2017<br \/>\nLink zum Buch:\u00a0 <a href=\"http:\/\/edition-av.de\/buecher\/anarchistische_bolschewismuskritik.html\" target=\"_blank\" rel=\"noopener noreferrer\">Edition AV<\/a>.<\/p>\n<p>Sebastian Kalicha, Illustriert von Daniel Grunewald: Gewaltfreier Anarchismus &amp; anarchistischer Pazifismus. Auf den Spuren einer revolution\u00e4ren Theorie und Bewegung<br \/>\n<a href=\"https:\/\/anarchismusforschung.org\/wp-content\/uploads\/2017\/11\/Gegen-Gewalt-und-Herrschaft.-Rezension-Kalicha-Gewaltfreier-Anarchismus.pdf\" target=\"_blank\" rel=\"noopener noreferrer\">Rezension<\/a> von Andreas Gautsch, 2017<br \/>\nLink zum Buch: <a href=\"http:\/\/www.graswurzel.net\/verlag\/ga2.php\" target=\"_blank\" rel=\"noopener noreferrer\">Verlag Graswurzelrevolution<\/a><\/p>\n<p>Daniel Loick: Anarchismus zur Einf\u00fchrung. Junius Verlag<br \/>\n<a href=\"https:\/\/anarchismusforschung.org\/wp-content\/uploads\/2017\/08\/Rezension-Loick-Anarchismus.pdf\" target=\"_blank\" rel=\"noopener noreferrer\">Rezension<\/a> von Sebastain Kalicha, 2017<br \/>\nLink zum Buch: <a href=\"https:\/\/www.junius-verlag.de\/buecher\/anarchismus\" target=\"_blank\" rel=\"noopener noreferrer\">Junius Verlag<\/a><\/p>\n<ul>\n<li style=\"list-style-type: none;\"><\/li>\n<li style=\"list-style-type: none;\"><\/li>\n<\/ul>\n<p>&nbsp;<\/p>\n<ul>\n<li style=\"list-style-type: none;\">\n<ul>\n<li style=\"list-style-type: none;\">\n<ul>\n<li style=\"list-style-type: none;\">\n<ul>\n<li style=\"list-style-type: none;\"><\/li>\n<\/ul>\n<\/li>\n<\/ul>\n<\/li>\n<\/ul>\n<\/li>\n<\/ul>\n","protected":false},"excerpt":{"rendered":"<p>James Horrox: Gelebte Revolution. Anarchismus in der Kibbuzbewegung. Verlag Graswurzelrevolution 2021 Rezension von Peter\u00a0 Haumer Link zum Verlag: Graswurzelrevolution Jule Bombon: Die M\u00f6glichkeit und der Automat. Ein Roman \u00fcber Konjunktivismus und den Mechano Sapiens. wirklich, 2020 Jule Bombon: Der M\u00f6glichkeit &hellip; <a href=\"https:\/\/anarchismusforschung.org\/?page_id=36\">Weiterlesen <span class=\"meta-nav\">&rarr;<\/span><\/a><\/p>\n","protected":false},"author":2,"featured_media":0,"parent":0,"menu_order":0,"comment_status":"closed","ping_status":"closed","template":"","meta":{"footnotes":""},"class_list":["post-36","page","type-page","status-publish","hentry"],"_links":{"self":[{"href":"https:\/\/anarchismusforschung.org\/index.php?rest_route=\/wp\/v2\/pages\/36","targetHints":{"allow":["GET"]}}],"collection":[{"href":"https:\/\/anarchismusforschung.org\/index.php?rest_route=\/wp\/v2\/pages"}],"about":[{"href":"https:\/\/anarchismusforschung.org\/index.php?rest_route=\/wp\/v2\/types\/page"}],"author":[{"embeddable":true,"href":"https:\/\/anarchismusforschung.org\/index.php?rest_route=\/wp\/v2\/users\/2"}],"replies":[{"embeddable":true,"href":"https:\/\/anarchismusforschung.org\/index.php?rest_route=%2Fwp%2Fv2%2Fcomments&post=36"}],"version-history":[{"count":41,"href":"https:\/\/anarchismusforschung.org\/index.php?rest_route=\/wp\/v2\/pages\/36\/revisions"}],"predecessor-version":[{"id":864,"href":"https:\/\/anarchismusforschung.org\/index.php?rest_route=\/wp\/v2\/pages\/36\/revisions\/864"}],"wp:attachment":[{"href":"https:\/\/anarchismusforschung.org\/index.php?rest_route=%2Fwp%2Fv2%2Fmedia&parent=36"}],"curies":[{"name":"wp","href":"https:\/\/api.w.org\/{rel}","templated":true}]}}