{"id":171,"date":"2017-05-09T14:39:25","date_gmt":"2017-05-09T12:39:25","guid":{"rendered":"https:\/\/anarchismusforschung.org\/?page_id=171"},"modified":"2025-12-18T15:01:38","modified_gmt":"2025-12-18T14:01:38","slug":"zur-geschichte-des-anarchismus","status":"publish","type":"page","link":"https:\/\/anarchismusforschung.org\/?page_id=171","title":{"rendered":"zur Geschichte des Anarchismus"},"content":{"rendered":"<p>Wie der Titel schon sagt, geht es hier um die Geschichte der anarchistischen Bewegung. Wir wollen hier Text zu diesem gro\u00dfen Themenbereich ver\u00f6ffentlichen. Eine zeitliche oder \u00f6rtliche Eingrenzung ist von unserer Seite nicht vorgesehen, auch wenn wir uns bis jetzt schwerpunktm\u00e4\u00dfig mit der anarchistischen Bewegung in \u00d6sterreich oder im Territorium des Habsburgerreiches besch\u00e4ftigt haben.<br \/>\nFalls du einen Beitrag hast, den du hier ver\u00f6ffentlicht sehen m\u00f6chtest, schreib uns einfach. Unsere Emailadresse findest du unter <a href=\"https:\/\/anarchismusforschung.org\/?page_id=131\" target=\"_blank\" rel=\"noopener noreferrer\"><em>Kontakt<\/em><\/a>.<\/p>\n<p>&nbsp;<\/p>\n<p><strong>Beitrag von Friedrich Stepanek \u00fcber die Anarchist(innen)enversammlung in Innsbruck 1923.<\/strong><\/p>\n<p>Es handelt sich hier um eine historische Aufarbeitung der Konferenz der anarchosyndikalistischen Internationale in Innsbruck 1923. Erstmals ver\u00f6ffentlicht wurde dieser Aufsatz im Gaismair-Jahrbuch 2014 (Jahrbuch der Michael Gaismair Gesellschaft in Innsbruck)- <a href=\"http:\/\/www.gaismair-gesellschaft.at\/publikationen\/jahrbucher\/gaismairjahrbuch-2014\" target=\"_blank\" rel=\"noopener noreferrer\">Link<\/a>.<br \/>\nEin verl\u00e4sslicher aber zweifelhafter Quellenlieferant zur Geschichte der anarchistischen Bewegung ist die Exekutive, die von Anbeginn ihr wachsames Auge auf die Aktivit\u00e4ten der Anarchist_innen lenkte. Als zweiten Anhang noch den Polizeibericht zu dieser Konferenz, der einmal mehr bewei\u00dft &#8211; Mehrsprachigkeit zahlt sich aus! oder die Polizei muss nicht immer verstehen was sie erlauscht.<\/p>\n<p align=\"left\"><span style=\"font-family: Liberation Serif,serif;\"><span style=\"font-size: large;\"><a href=\"https:\/\/anarchismusforschung.org\/wp-content\/uploads\/2017\/05\/Friedrich-Stepanek-Anarchistenversammlung-in-Innsbruck.pdf\" target=\"_blank\" rel=\"noopener noreferrer\">Friedrich Stepanek, Anarchistenversammlung in Innsbruck?<\/a><br \/>\n<\/span><\/span><\/p>\n<p><a href=\"https:\/\/anarchismusforschung.org\/wp-content\/uploads\/2017\/05\/A-Konferenz-Bullenbericht-TLA.pdf\" target=\"_blank\" rel=\"noopener noreferrer\">Konferenzbericht der Bullizei aus dem Jahre 1923<\/a><\/p>\n<hr \/>\n<p><strong>Beitr\u00e4ge zur \u00f6sterreichischen Revolution 1918\/19 und zu den R\u00e4tebewegungen in \u00d6sterreich, Deutschland und Ungarn.<\/strong><\/p>\n<p><a href=\"https:\/\/anarchismusforschung.org\/wp-content\/uploads\/2019\/04\/100-Jahre-R\u00e4tebewegung-von-Robert-Foltin.pdf\" target=\"_blank\" rel=\"noopener noreferrer\">Robert Foltin: 100 Jahre R\u00e4tebewegung.<\/a><br \/>\nDieser Text erschien erstmals in MALMOE #84, 2018 und ist online auch unter: <a href=\"http:\/\/www.malmoe.org\/artikel\/erlebnispark\/3448\" target=\"_blank\" rel=\"noopener noreferrer\">http:\/\/www.malmoe.org\/artikel\/erlebnispark\/3448<\/a><br \/>\noder <a href=\"https:\/\/skug.at\/100-jahre-raetebewegung\/\" target=\"_blank\" rel=\"noopener noreferrer\">https:\/\/skug.at\/100-jahre-raetebewegung\/<\/a> zu finden. In der Skug Version sind auch noch 2 Bilder zu sehen.<\/p>\n<p>Passend zu diesem Thema erschien von Peter Haumer in der <a href=\"http:\/\/www.edition-av.de\/ne_znam.html\" target=\"_blank\" rel=\"noopener noreferrer\">Ne Znam<\/a> Nr. 7 (2018) und Nr. 8 (2019) ein zweiteiliger Artikel mit dem Titel <em>Die \u00f6sterreichischen Revolution 1918\/19 und der Anarchismus<\/em>.<br \/>\nDanke an Philippe Kellermann von Ne Znam f\u00fcr sein Okay, f\u00fcr die Ver\u00f6ffentlichung der Artikel auf unserer Seite.<br \/>\n<a href=\"https:\/\/anarchismusforschung.org\/wp-content\/uploads\/2019\/09\/Die-\u00f6sterreichische-Revolution-191819-und-der-Anarchismus.-Teil-1.pdf\" target=\"_blank\" rel=\"noopener noreferrer\">Die \u00f6sterreichische Revolution 1918\/19 und der Anarchismus, Teil 1<\/a><br \/>\n<a href=\"https:\/\/anarchismusforschung.org\/wp-content\/uploads\/2019\/09\/Die-\u00f6sterreichische-Revolution-191819-und-der-Anarchismus.-2.Teil_.pdf\" target=\"_blank\" rel=\"noopener noreferrer\">Die \u00f6sterreichische Revolution 1918\/19 und der Anarchismus Teil 2<\/a>:<\/p>\n<hr \/>\n<p><strong>Beitrag f\u00fcr das Spinnrad (Zeitschrift des Internationalen Vers\u00f6hnungsbundes):<\/strong><\/p>\n<p>In diesem Artikel geht es um die <strong>Kriegsdienstgegner_innenkonferenz 1928<\/strong> am Sonntagberg in Nieder\u00f6sterreich, die vom <em>Bund herrschaftsloser Sozialisten<\/em> und dem <em>Bund der Kriegsdienstgegner<\/em> organisiert wurde. Und es geht um Gandhis Sekret\u00e4r <strong>Rajendra Prasad<\/strong>, der bei dieser Konferenz anwesend war und bei einer Folgeveranstaltung in Graz von faschistischen Kr\u00e4ften (Heimwehr, Burschenschaften, Nazis und Frontk\u00e4mpfer) angegriffen wurde. Und hier gehts zum Artikel:<\/p>\n<p><a href=\"https:\/\/anarchismusforschung.org\/wp-content\/uploads\/2020\/08\/\u00dcber-die-Kriegsdienstgegnerkonferenz-am-Sonntagberg...-Spinnrad-Nr.22020.pdf\" target=\"_blank\" rel=\"noopener noreferrer\">Spinnrad, Nr. 2, Juni 2020<\/a><\/p>\n<hr \/>\n<p><strong>Beitrag von Brigitte Rath \u00fcber Anarchists for Peace.<\/strong><\/p>\n<p>Im Journal\u00a0<a href=\"https:\/\/journals.uvic.ca\/index.php\/adcs\/index\" target=\"_blank\" rel=\"noopener\">Anarchist Developments in Cultural Studies<\/a>, Vol. 2025 No. 2 (2025), hat Brigitte Rath \u00fcber Olga Misa\u0159, Pierre Ramus\u00a0 und die \u00f6sterreichische Sektion der War Resisters\u2019 International geschrieben.<\/p>\n<p><a href=\"https:\/\/journals.uvic.ca\/index.php\/adcs\/article\/view\/22546\" target=\"_blank\" rel=\"noopener\">Anarchists for Peace: Olga Misa\u0159, Pierre Ramus and the Austrian section of the War Resisters\u2019 International<\/a><\/p>\n<hr \/>\n<p class=\"entry-header\"><span class=\"yt-core-attributed-string yt-core-attributed-string--white-space-pre-wrap\" dir=\"auto\"><span class=\"yt-core-attributed-string--link-inherit-color\" dir=\"auto\"><strong>Die Gemeinde als Keimzelle der Gesellschaft<\/strong><\/span><\/span><\/p>\n<p>Vortrag\u00a0von <span class=\"yt-core-attributed-string yt-core-attributed-string--white-space-pre-wrap\" dir=\"auto\"><span class=\"yt-core-attributed-string--link-inherit-color\" dir=\"auto\">Dr. Gerhard Senft<\/span><\/span> die er bei der diesj\u00e4hrigen (2025) Tagung \u201eTransformation in eine sozial-\u00f6kologisch gerechte(re) Zukunft. Der Weg zu mehr Demokratie \u2013 anti-autorit\u00e4re und herrschaftskritische Entw\u00fcrfe\u201c gehalten hat.<br \/>\nHier geht&#8217;s zum YouTube Link &#8211;\u00a0 <a href=\"https:\/\/www.youtube.com\/watch?app=desktop&amp;v=nLDAIWC5qFM&amp;t=147s\" target=\"_blank\" rel=\"noopener\">Vortrag: Die Gemeinde als Keimzelle der Gesellschaft&#8220;<\/a><\/p>\n<hr \/>\n<p>&nbsp;<\/p>\n","protected":false},"excerpt":{"rendered":"<p>Wie der Titel schon sagt, geht es hier um die Geschichte der anarchistischen Bewegung. Wir wollen hier Text zu diesem gro\u00dfen Themenbereich ver\u00f6ffentlichen. Eine zeitliche oder \u00f6rtliche Eingrenzung ist von unserer Seite nicht vorgesehen, auch wenn wir uns bis jetzt &hellip; <a href=\"https:\/\/anarchismusforschung.org\/?page_id=171\">Weiterlesen <span class=\"meta-nav\">&rarr;<\/span><\/a><\/p>\n","protected":false},"author":2,"featured_media":0,"parent":0,"menu_order":0,"comment_status":"closed","ping_status":"closed","template":"","meta":{"footnotes":""},"class_list":["post-171","page","type-page","status-publish","hentry"],"_links":{"self":[{"href":"https:\/\/anarchismusforschung.org\/index.php?rest_route=\/wp\/v2\/pages\/171","targetHints":{"allow":["GET"]}}],"collection":[{"href":"https:\/\/anarchismusforschung.org\/index.php?rest_route=\/wp\/v2\/pages"}],"about":[{"href":"https:\/\/anarchismusforschung.org\/index.php?rest_route=\/wp\/v2\/types\/page"}],"author":[{"embeddable":true,"href":"https:\/\/anarchismusforschung.org\/index.php?rest_route=\/wp\/v2\/users\/2"}],"replies":[{"embeddable":true,"href":"https:\/\/anarchismusforschung.org\/index.php?rest_route=%2Fwp%2Fv2%2Fcomments&post=171"}],"version-history":[{"count":33,"href":"https:\/\/anarchismusforschung.org\/index.php?rest_route=\/wp\/v2\/pages\/171\/revisions"}],"predecessor-version":[{"id":1108,"href":"https:\/\/anarchismusforschung.org\/index.php?rest_route=\/wp\/v2\/pages\/171\/revisions\/1108"}],"wp:attachment":[{"href":"https:\/\/anarchismusforschung.org\/index.php?rest_route=%2Fwp%2Fv2%2Fmedia&parent=171"}],"curies":[{"name":"wp","href":"https:\/\/api.w.org\/{rel}","templated":true}]}}