{"id":131,"date":"2017-02-18T21:50:46","date_gmt":"2017-02-18T20:50:46","guid":{"rendered":"https:\/\/anarchismusforschung.org\/?page_id=131"},"modified":"2023-06-06T18:20:58","modified_gmt":"2023-06-06T16:20:58","slug":"kontakt","status":"publish","type":"page","link":"https:\/\/anarchismusforschung.org\/?page_id=131","title":{"rendered":"Kontakt"},"content":{"rendered":"<p>Wer uns ein Mail schicken m\u00f6chte:<\/p>\n<p>info[at]anarchismusforschung.org<\/p>\n<p>&nbsp;<\/p>\n<p>hier unser PGP Schl\u00fcssel, f\u00fcr all jene, die ihre Mails vor unerw\u00fcnschten Mitleser_innen sch\u00fctzen wollen. Und nicht vergessen den \u00f6ffentlichen Schl\u00fcssel mitschicken! \ud83d\ude42<\/p>\n<ul>\n<li>Achtung &#8211;\u00a0 seit Juni 2023 gibt es einen neuen public key!<\/li>\n<\/ul>\n<p>&#8212;&#8211;BEGIN PGP PUBLIC KEY BLOCK&#8212;&#8211;<\/p>\n<p>xsDNBGR\/W2IBDAC1+SMX6BH+cAf9VvisFoAfhipc6N7ag1tFlaF+m4cVKNV+tFmU<br \/>\nDkbQV7AS+PLywjcM8DSq\/etjJYUedrBT\/ZYRafmGz3kzfaHqOcWmJi9sYSO1wD0+<br \/>\nn3IWaceM1XgcrQPDdJLJsoMv5l0pdKFV0yYUQACoZz7zI0zm8bmf80XoUOnpXI27<br \/>\nDbB5eOUv0IwJFFa0uTYqsg+SRuLDrOIS1lVkl14l1iQp4wn2uCbw8ulfP5gOh\/KG<br \/>\nAAXW0Tl6havLYxpzUXPn5+qJfVh\/PCkaMzlCHJyd6rBs0RhaokLiOZ72cIU3SSqo<br \/>\nhv21qb1uLcLkvrKB8vhSKItsZUxdMPzpCtlrCixmb8gzQdPQGOCGAft1Xu3QcDvE<br \/>\nixINx36av33ZGxaXjXxyqdAa2lYZBHMbRoUEBeG25grIFZwMCI5gFRnzTmMj5iF9<br \/>\nY6BFJuoi8choi4MrWyBWwFxnESIMFurJ3Xv33K7IQCeUrvDElUpLkawsVylj6u\/S<br \/>\nQ916GDc7FCV22zcAEQEAAc0rYSBmb3JzY2h1bmcgPGluZm9AYW5hcmNoaXNtdXNm<br \/>\nb3JzY2h1bmcub3JnPsLBDQQTAQgANxYhBGX1H1tzJoTzKYodxRT7myE2JprvBQJk<br \/>\nf1tjBQkFo5qAAhsDBAsJCAcFFQgJCgsFFgIDAQAACgkQFPubITYmmu8keQv9Hecy<br \/>\npUbLdby0djiv8\/XVKJ8dnURLUSTjer\/gNFMmZ24hEAQY998XcvhlLnwhugFKcf8B<br \/>\nS\/YL4T5iGCrajI7RqWDlFhzjAPYxM\/uzRmfTwpYD65mIy5ZhA6vpLnAl06X8qkD1<br \/>\nD0HC7BaJXtQaeuZjR7PHHdEHmZRMAzn6oxsn6I5PVqgqxKsDvOM9ihmVPjd20Y8B<br \/>\nH\/KX42wypWUO+HeGyy+fHy7D2Nh9bfQnKMJv0maH1MFUnZRvOrKhUyKpK2vQvkat<br \/>\n6Aa8FB3+M9w9aU8tPvAKJlMqjuMO2Tczm6pC5v3SUEV8h4F2PydxeQESsFENjpXI<br \/>\n88TpKb\/BmLjTmsudePTv1SCPxg6TZNsITqkZ\/MKo0GTCxfzcv\/MMuDr6OVdvAocR<br \/>\nd1cgfkCcnW3JZ3hWaYaTi1kjWk3XbvwVIqI6Yb1KQlPPkrlyDrV9n3TmxyKzfpx+<br \/>\no9dUbxYediTV3BVZKW2AJsGMpUmEJoipu2+drkKbRmuIJh2kz10p89tClFytzsDN<br \/>\nBGR\/W2MBDAC1jMwQo2aFhiJWmuaNXC4Te6bCoNVB\/htSz7VotRhru6sESAPMrxrQ<br \/>\nBvWzorIQn3gsmQSK2Fqd4vAvslXDe6XcNyHoKuZsdmyFnKuVlp874MEUsuKAS6mv<br \/>\nDIV5t34Fl7IuMQa5BkcQrXulN1LRBe+iZsKp7be88L92FqJqp3J+wWNiliHfV5xl<br \/>\n1lzCBx0827kf3vhiwUAXg0dY9uUUPqvpOPwiL1pa8ojb7mvlz6HLpxRRR2bCvmZ4<br \/>\nTTZqR36OUvGT3+ramJhjeik10LqT+42OLgTV9nSntDwONi2bFJNtJ+g838mET5va<br \/>\nzWdZH3\/alzYDiigpbSQ5Nu6F+VdfwFBcPiDemcgeQskwNwEMnkULM+I+wzTSgxdO<br \/>\n6R29OVdv6J5wMqE5ZV3AVkxv5YMqBje1a33qcjSMyCDcN9OqgmgiLPac6VrdHFyX<br \/>\nhbCNkTOquSICSiWzKK5d5A\/imSZe1hwzzXCwiXjbhQBQXWYD\/hj8WukH7Ndt0dng<br \/>\nIii2KQFOYtUAEQEAAcLA\/AQYAQgAJhYhBGX1H1tzJoTzKYodxRT7myE2JprvBQJk<br \/>\nf1tkBQkFo5qAAhsMAAoJEBT7myE2JprvCqsMALWL2b4rdylPDEZy6dL4gevoPpov<br \/>\n\/mWHd8gTrB7t7sJhV7wNU9lN9jnLPEft2byH1LTCnmHbMjkphJBpPUBYv+lKad1v<br \/>\nmZM3p9dVpqnQOu6D3a8848Wuq1T46xspGzK0YpICPvgOcgOsfRyrqtnGZdf9i\/o3<br \/>\n82Fnv1f2m17UNkhJIOJqjkJxlRzUupUy9ya2G9etoB4wE8cIuXuxnMAjds+UPn4b<br \/>\nGhFGofUIwM4fiSWeaQ3IJuvxhsvYzRY5aY5\/X97sbKi7HesfOf8H1dHa2qip9p+F<br \/>\nDBx8M+IoK22u5x+cSyVvKBqfYC2Vi4TvvSsGuPFcstxUwDaKm3re\/4SuMBBq+GQq<br \/>\nc7hB+8BXhPFSRMtr8wVN5TAnBZLnxfA1McYi8gPBL18RxhTJocezRWSMSH\/FKpjL<br \/>\nI4Wf0FQfrdLUT1DPOaD2O5fv0qJYxU0882gtfVi3A8nzqI4hpfcVHS7RGsLShQB9<br \/>\nUl198AE\/ChQpka5nHWfteoYoSc\/rE9ivtE8qGQ==<br \/>\n=WkP7<\/p>\n<p>&#8212;&#8211;END PGP PUBLIC KEY BLOCK&#8212;&#8211;<\/p>\n","protected":false},"excerpt":{"rendered":"<p>Wer uns ein Mail schicken m\u00f6chte: info[at]anarchismusforschung.org &nbsp; hier unser PGP Schl\u00fcssel, f\u00fcr all jene, die ihre Mails vor unerw\u00fcnschten Mitleser_innen sch\u00fctzen wollen. Und nicht vergessen den \u00f6ffentlichen Schl\u00fcssel mitschicken! \ud83d\ude42 Achtung &#8211;\u00a0 seit Juni 2023 gibt es einen neuen &hellip; <a href=\"https:\/\/anarchismusforschung.org\/?page_id=131\">Weiterlesen <span class=\"meta-nav\">&rarr;<\/span><\/a><\/p>\n","protected":false},"author":2,"featured_media":0,"parent":0,"menu_order":0,"comment_status":"closed","ping_status":"closed","template":"","meta":{"footnotes":""},"class_list":["post-131","page","type-page","status-publish","hentry"],"_links":{"self":[{"href":"https:\/\/anarchismusforschung.org\/index.php?rest_route=\/wp\/v2\/pages\/131","targetHints":{"allow":["GET"]}}],"collection":[{"href":"https:\/\/anarchismusforschung.org\/index.php?rest_route=\/wp\/v2\/pages"}],"about":[{"href":"https:\/\/anarchismusforschung.org\/index.php?rest_route=\/wp\/v2\/types\/page"}],"author":[{"embeddable":true,"href":"https:\/\/anarchismusforschung.org\/index.php?rest_route=\/wp\/v2\/users\/2"}],"replies":[{"embeddable":true,"href":"https:\/\/anarchismusforschung.org\/index.php?rest_route=%2Fwp%2Fv2%2Fcomments&post=131"}],"version-history":[{"count":15,"href":"https:\/\/anarchismusforschung.org\/index.php?rest_route=\/wp\/v2\/pages\/131\/revisions"}],"predecessor-version":[{"id":922,"href":"https:\/\/anarchismusforschung.org\/index.php?rest_route=\/wp\/v2\/pages\/131\/revisions\/922"}],"wp:attachment":[{"href":"https:\/\/anarchismusforschung.org\/index.php?rest_route=%2Fwp%2Fv2%2Fmedia&parent=131"}],"curies":[{"name":"wp","href":"https:\/\/api.w.org\/{rel}","templated":true}]}}